{"id":132,"date":"2019-02-05T02:02:46","date_gmt":"2019-02-05T02:02:46","guid":{"rendered":"http:\/\/doble-eme.com.ar\/wordpress\/?page_id=132"},"modified":"2019-02-14T20:36:02","modified_gmt":"2019-02-14T20:36:02","slug":"servicios-de-marketing","status":"publish","type":"page","link":"https:\/\/doble-eme.com.ar\/wordpress\/servicios-de-marketing\/","title":{"rendered":"Servicios de Marketing"},"content":{"rendered":"<p>[vc_row bg_color=&#8221;#b9131a&#8221; text_color=&#8221;light&#8221; top_padding=&#8221;70&#8243; bottom_padding=&#8221;50&#8243;][vc_column animation=&#8221;fade-in-from-left&#8221; width=&#8221;1\/1&#8243;]<h1 class=\"headline font-special fontsize-xl fontweight-300 lh-14 align-left transform-inherit \" style=\"margin: 0 0 20px 0;\">Gesti\u00f3n de esponsoreo en eventos y exposiciones de inter\u00e9s.<br \/>\nCampa\u00f1as de marketing directo.<\/h1>[\/vc_column][\/vc_row][vc_row top_padding=&#8221;40&#8243; bottom_padding=&#8221;50&#8243;][vc_column width=&#8221;1\/6&#8243;]<div class=\"single_image wpb_content_element align-right  animate  \" data-animation=\"fade-in-from-left\" data-delay=\"0\"><img loading=\"lazy\" decoding=\"async\" class=\"\" src=\"https:\/\/doble-eme.com.ar\/wordpress\/wp-content\/uploads\/2019\/02\/03-Marketing-100x100.png\" width=\"100\" height=\"100\" alt=\"Doble eme comunicaci\u00f3n y prensa\" title=\"03 Marketing\" \/><\/div>[\/vc_column][vc_column animation=&#8221;fade-in-from-bottom&#8221; width=&#8221;2\/3&#8243;]<div class=\"spacer\" style=\"height: 40px;\"><\/div><h1 class=\"headline font-inherit fontsize-s fontweight-600 lh-inherit align-left transform-inherit \" style=\"margin: 0 0 20px 0; color: #b9131a;\">Servicios de Marketing<\/h1><div class=\"newdivider align-left\" style=\"border-bottom-style: solid; border-color: #dd8500; border-bottom-width: 3px; margin-top: -15px; margin-bottom: 20; width: 5%; \"><\/div><div class=\"clear\"><\/div>[vc_column_text]<strong>Campa\u00f1as de marketing directo y fidelizaci\u00f3n de clientes <\/strong><br \/>\nGesti\u00f3n de actividades de promoci\u00f3n a fin de estrechar y afianzar los v\u00ednculos comerciales con los diferentes clientes y audiencias de las empresas diferenciando gustos e intereses, tanto para los clientes como para la audiencia.<\/p>\n<p><strong>Identificaci\u00f3n de canales<\/strong><br \/>\nNo tradicionales y nuevos espacios de expresi\u00f3n de marcas.<\/p>\n<p><strong>Estrategias de esponsoreo<\/strong><br \/>\nGesti\u00f3n de participaciones para eventos y\/o promociones.<br \/>\n<span lang=\"IT\">B\u00fasqueda de socios y gesti\u00f3n de participaciones conjuntas para eventos y promociones.<br \/>\n<\/span><u><\/u><u><\/u><span lang=\"IT\">Identificaci\u00f3n de\u00a0<\/span>canales no tradicionales y\u00a0<span lang=\"IT\">nuevos espacios de expresi\u00f3n de marcas.<\/span><\/p>\n<p><strong>Desarrollo de programas de responsabilidad social <\/strong><br \/>\nDise\u00f1o de un plan de actividades filantr\u00f3picas y de bien p\u00fablico con fundaciones e instituciones de Telemarketing Webmarketing.<\/p>\n<p><span lang=\"ES\"><strong>Administraci\u00f3n de presupuestos<\/strong><br \/>\n<\/span><u><\/u><u><\/u>Telemarketing &amp; Webmarketing<u><\/u><u><\/u><\/p>\n<p><strong>Soporte en comunicaci\u00f3n interna<\/strong><br \/>\n<u><\/u><u><\/u>Gesti\u00f3n de recursos comunicacionales para optimizar la circulaci\u00f3n de informaci\u00f3n\u00a0<u><\/u><u><\/u>al interior de la compa\u00f1\u00eda.<u><\/u><u><\/u><\/p>\n<p><strong>Relaci\u00f3n con socios de negocios<\/strong><br \/>\n<u><\/u><u><\/u>Coordinaci\u00f3n<span lang=\"ES\">\u00a0de actividades con socios actuales y potenciales<\/span>\u00a0(encuentros sociales,\u00a0<u><\/u><u><\/u>s<span lang=\"ES-MX\">ponsoreo, participaci\u00f3n en eventos y ferias de inter\u00e9s) a fin de generar nuevos\u00a0<\/span><u><\/u><u><\/u><span lang=\"ES-MX\">v\u00ednculos corporativos y ampliar las oportunidades de negocios.<\/span><u><\/u><u><\/u>[\/vc_column_text][\/vc_column][vc_column width=&#8221;1\/6&#8243;][\/vc_column][\/vc_row][vc_row][vc_column width=&#8221;1\/1&#8243;]<div class=\"spacer\" style=\"height: 40px;\"><\/div>[\/vc_column][\/vc_row][vc_row bg_color=&#8221;#3d454c&#8221; top_padding=&#8221;40&#8243; bottom_padding=&#8221;20&#8243;][vc_column animation=&#8221;fade-in-from-left&#8221; width=&#8221;1\/1&#8243; delay=&#8221;400&#8243;][vc_row_inner][vc_column_inner width=&#8221;1\/4&#8243;]<div class=\"single_image wpb_content_element align-left   \" data-animation=\"none\" data-delay=\"0\"><img loading=\"lazy\" decoding=\"async\" width=\"231\" height=\"47\" src=\"https:\/\/doble-eme.com.ar\/wordpress\/wp-content\/uploads\/2019\/02\/Logo-DobleEme-230x46px-Gris-01.png\" class=\"attachment-medium\" alt=\"Doble eme comunicaci\u00f3n y prensa\" \/><\/div>[\/vc_column_inner][vc_column_inner width=&#8221;1\/4&#8243;]<div class=\"single_image wpb_content_element align-left   \" data-animation=\"none\" data-delay=\"0\"><img loading=\"lazy\" decoding=\"async\" width=\"231\" height=\"47\" src=\"https:\/\/doble-eme.com.ar\/wordpress\/wp-content\/uploads\/2019\/02\/Logo-Consejo-230x46px-Gris02.png\" class=\"attachment-full\" alt=\"Doble eme comunicaci\u00f3n y prensa\" \/><\/div>[\/vc_column_inner][vc_column_inner width=&#8221;1\/4&#8243;][\/vc_column_inner][vc_column_inner width=&#8221;1\/4&#8243;][\/vc_column_inner][\/vc_row_inner]<div class=\"spacer\" style=\"height: 20px;\"><\/div>[vc_column_text]<\/p>\n<h6 style=\"text-align: left;\"><span style=\"color: #6b7b83;\">Doble Eme Comunicaci\u00f3n<\/span><span style=\"color: #6b7b83;\">\u00a0 \u00a0I\u00a0 \u00a0<\/span><span style=\"color: #6b7b83;\">+54 11 3974.5439\u00a0 \u00a0I\u00a0 \u00a0Cachimayo 821 5\u00b0 B (C1424ARC)\u00a0 \u00a0I\u00a0 \u00a0Ciudad de Buenos Aires .\u00a0 Argentina<\/span><\/h6>\n<p>[\/vc_column_text][\/vc_column][\/vc_row][vc_row bg_color=&#8221;#000000&#8243; top_padding=&#8221;25&#8243; bottom_padding=&#8221;25&#8243;][vc_column width=&#8221;1\/2&#8243;][vc_column_text]<\/p>\n<p style=\"text-align: left;\"><span style=\"color: #ffffff;\">2019 \u00a9 Todos los Derechos Reservados<\/span><\/p>\n<p>[\/vc_column_text][\/vc_column][vc_column width=&#8221;1\/2&#8243;][vc_column_text]<\/p>\n<p style=\"text-align: right;\">Dise\u00f1o por <a href=\"http:\/\/ideaneta.com.ar\" target=\"_blank\" rel=\"noopener\">Idea Neta Estudio<\/a><\/p>\n<p>[\/vc_column_text][\/vc_column][\/vc_row]<\/p>\n","protected":false},"excerpt":{"rendered":"<p>[vc_row bg_color=&#8221;#b9131a&#8221; text_color=&#8221;light&#8221; top_padding=&#8221;70&#8243; bottom_padding=&#8221;50&#8243;][vc_column animation=&#8221;fade-in-from-left&#8221; width=&#8221;1\/1&#8243;][\/vc_column][\/vc_row][vc_row top_padding=&#8221;40&#8243; bottom_padding=&#8221;50&#8243;][vc_column width=&#8221;1\/6&#8243;][\/vc_column][vc_column animation=&#8221;fade-in-from-bottom&#8221; width=&#8221;2\/3&#8243;][vc_column_text]Campa\u00f1as de marketing directo y fidelizaci\u00f3n de clientes Gesti\u00f3n de actividades de promoci\u00f3n a fin de estrechar y afianzar los v\u00ednculos comerciales con los diferentes clientes y audiencias de las empresas diferenciando gustos e intereses, tanto para los clientes como para la audiencia. Identificaci\u00f3n de canales No tradicionales y nuevos espacios de expresi\u00f3n de marcas. Estrategias de esponsoreo Gesti\u00f3n de participaciones para eventos y\/o promociones. B\u00fasqueda de socios y gesti\u00f3n de participaciones conjuntas para eventos y promociones. Identificaci\u00f3n de\u00a0canales no tradicionales y\u00a0nuevos espacios de expresi\u00f3n de marcas. Desarrollo de programas de responsabilidad social Dise\u00f1o de un plan de actividades filantr\u00f3picas y de bien p\u00fablico con fundaciones e instituciones de Telemarketing Webmarketing. Administraci\u00f3n de presupuestos Telemarketing &amp; Webmarketing Soporte en comunicaci\u00f3n interna Gesti\u00f3n de recursos comunicacionales para optimizar la circulaci\u00f3n de informaci\u00f3n\u00a0al interior de la compa\u00f1\u00eda. Relaci\u00f3n con socios de negocios Coordinaci\u00f3n\u00a0de actividades con socios actuales y potenciales\u00a0(encuentros sociales,\u00a0sponsoreo, participaci\u00f3n en eventos y ferias de inter\u00e9s) a fin de generar nuevos\u00a0v\u00ednculos corporativos y ampliar las oportunidades de negocios.[\/vc_column_text][\/vc_column][vc_column width=&#8221;1\/6&#8243;][\/vc_column][\/vc_row][vc_row][vc_column width=&#8221;1\/1&#8243;][\/vc_column][\/vc_row][vc_row bg_color=&#8221;#3d454c&#8221; top_padding=&#8221;40&#8243; bottom_padding=&#8221;20&#8243;][vc_column animation=&#8221;fade-in-from-left&#8221; width=&#8221;1\/1&#8243; delay=&#8221;400&#8243;][vc_row_inner][vc_column_inner width=&#8221;1\/4&#8243;][\/vc_column_inner][vc_column_inner width=&#8221;1\/4&#8243;][\/vc_column_inner][vc_column_inner width=&#8221;1\/4&#8243;][\/vc_column_inner][vc_column_inner width=&#8221;1\/4&#8243;][\/vc_column_inner][\/vc_row_inner][vc_column_text] Doble Eme Comunicaci\u00f3n\u00a0 \u00a0I\u00a0 \u00a0+54 11 3974.5439\u00a0 \u00a0I\u00a0 \u00a0Cachimayo 821 [&hellip;]<\/p>\n","protected":false},"author":1,"featured_media":0,"parent":0,"menu_order":0,"comment_status":"closed","ping_status":"closed","template":"","meta":{"footnotes":""},"class_list":["post-132","page","type-page","status-publish","hentry"],"_links":{"self":[{"href":"https:\/\/doble-eme.com.ar\/wordpress\/wp-json\/wp\/v2\/pages\/132","targetHints":{"allow":["GET"]}}],"collection":[{"href":"https:\/\/doble-eme.com.ar\/wordpress\/wp-json\/wp\/v2\/pages"}],"about":[{"href":"https:\/\/doble-eme.com.ar\/wordpress\/wp-json\/wp\/v2\/types\/page"}],"author":[{"embeddable":true,"href":"https:\/\/doble-eme.com.ar\/wordpress\/wp-json\/wp\/v2\/users\/1"}],"replies":[{"embeddable":true,"href":"https:\/\/doble-eme.com.ar\/wordpress\/wp-json\/wp\/v2\/comments?post=132"}],"version-history":[{"count":7,"href":"https:\/\/doble-eme.com.ar\/wordpress\/wp-json\/wp\/v2\/pages\/132\/revisions"}],"predecessor-version":[{"id":252,"href":"https:\/\/doble-eme.com.ar\/wordpress\/wp-json\/wp\/v2\/pages\/132\/revisions\/252"}],"wp:attachment":[{"href":"https:\/\/doble-eme.com.ar\/wordpress\/wp-json\/wp\/v2\/media?parent=132"}],"curies":[{"name":"wp","href":"https:\/\/api.w.org\/{rel}","templated":true}]}}