{"id":141,"date":"2019-02-05T02:09:00","date_gmt":"2019-02-05T02:09:00","guid":{"rendered":"http:\/\/doble-eme.com.ar\/wordpress\/?page_id=141"},"modified":"2019-02-10T21:21:28","modified_gmt":"2019-02-10T21:21:28","slug":"punto-de-venta","status":"publish","type":"page","link":"https:\/\/doble-eme.com.ar\/wordpress\/punto-de-venta\/","title":{"rendered":"Punto de Venta"},"content":{"rendered":"<p>[vc_row bg_color=&#8221;#b9131a&#8221; text_color=&#8221;light&#8221; top_padding=&#8221;70&#8243; bottom_padding=&#8221;50&#8243;][vc_column animation=&#8221;fade-in-from-left&#8221; width=&#8221;1\/1&#8243;]<h1 class=\"headline font-special fontsize-xl fontweight-300 lh-14 align-left transform-inherit \" style=\"margin: 0 0 20px 0;\">Supervisi\u00f3n en puntos de venta y exhibiciones coordinaci\u00f3n de acciones de promoci\u00f3n y an\u00e1lisis de posicionamiento frente a otras marcas.<\/h1>[\/vc_column][\/vc_row][vc_row top_padding=&#8221;40&#8243; bottom_padding=&#8221;50&#8243;][vc_column width=&#8221;1\/6&#8243;]<div class=\"single_image wpb_content_element align-right  animate  \" data-animation=\"fade-in-from-left\" data-delay=\"0\"><img loading=\"lazy\" decoding=\"async\" class=\"\" src=\"https:\/\/doble-eme.com.ar\/wordpress\/wp-content\/uploads\/2019\/02\/04-retail-100x100.png\" width=\"100\" height=\"100\" alt=\"Doble eme comunicaci\u00f3n y prensa\" title=\"04 retail\" \/><\/div>[\/vc_column][vc_column animation=&#8221;fade-in-from-bottom&#8221; width=&#8221;2\/3&#8243;]<div class=\"spacer\" style=\"height: 40px;\"><\/div><h1 class=\"headline font-inherit fontsize-s fontweight-600 lh-inherit align-left transform-inherit \" style=\"margin: 0 0 20px 0; color: #b9131a;\">Punto de Venta<\/h1><div class=\"newdivider align-left\" style=\"border-bottom-style: solid; border-color: #dd8500; border-bottom-width: 3px; margin-top: -15px; margin-bottom: 20; width: 5%; \"><\/div><div class=\"clear\"><\/div>[vc_column_text]<strong>Supervisaci\u00f3n y seguimiento de los productos en los distintas puntos de venta.<\/strong> Contamos con un equipo de profesionales de amplia experiencia con diversas marcas desde hace m\u00e1s de 10 a\u00f1os. Servicio de relevamiento en puntos de venta acordados previamente con el cliente seg\u00fan su comercializaci\u00f3n y foco de ventas.<\/p>\n<p><strong>An\u00e1lisis cuantitativo y cualitativo de la informaci\u00f3n.<\/strong><br \/>\n<strong>Mejora de la exhibici\u00f3n.<\/strong><br \/>\n<strong>Coordinaci\u00f3n de bundles.<\/strong><br \/>\n<strong>Entrega de reporte mensual.<\/strong>[\/vc_column_text][\/vc_column][vc_column width=&#8221;1\/6&#8243;][\/vc_column][\/vc_row][vc_row][vc_column width=&#8221;1\/1&#8243;]<div class=\"spacer\" style=\"height: 40px;\"><\/div>[\/vc_column][\/vc_row][vc_row bg_color=&#8221;#3d454c&#8221; top_padding=&#8221;40&#8243; bottom_padding=&#8221;20&#8243;][vc_column animation=&#8221;fade-in-from-left&#8221; width=&#8221;1\/1&#8243; delay=&#8221;400&#8243;][vc_row_inner][vc_column_inner width=&#8221;1\/4&#8243;]<div class=\"single_image wpb_content_element align-left   \" data-animation=\"none\" data-delay=\"0\"><img loading=\"lazy\" decoding=\"async\" width=\"231\" height=\"47\" src=\"https:\/\/doble-eme.com.ar\/wordpress\/wp-content\/uploads\/2019\/02\/Logo-DobleEme-230x46px-Gris-01.png\" class=\"attachment-medium\" alt=\"Doble eme comunicaci\u00f3n y prensa\" \/><\/div>[\/vc_column_inner][vc_column_inner width=&#8221;1\/4&#8243;]<div class=\"single_image wpb_content_element align-left   \" data-animation=\"none\" data-delay=\"0\"><img loading=\"lazy\" decoding=\"async\" width=\"231\" height=\"47\" src=\"https:\/\/doble-eme.com.ar\/wordpress\/wp-content\/uploads\/2019\/02\/Logo-Consejo-230x46px-Gris02.png\" class=\"attachment-full\" alt=\"Doble eme comunicaci\u00f3n y prensa\" \/><\/div>[\/vc_column_inner][vc_column_inner width=&#8221;1\/4&#8243;][\/vc_column_inner][vc_column_inner width=&#8221;1\/4&#8243;][\/vc_column_inner][\/vc_row_inner]<div class=\"spacer\" style=\"height: 20px;\"><\/div>[vc_column_text]<\/p>\n<h6 style=\"text-align: left;\"><span style=\"color: #6b7b83;\">Doble Eme Comunicaci\u00f3n<\/span><span style=\"color: #6b7b83;\">\u00a0 \u00a0I\u00a0 \u00a0<\/span><span style=\"color: #6b7b83;\">+54 11 3974.5439\u00a0 \u00a0I\u00a0 \u00a0Cachimayo 821 5\u00b0 B (C1424ARC)\u00a0 \u00a0I\u00a0 \u00a0Ciudad de Buenos Aires .\u00a0 Argentina<\/span><\/h6>\n<p>[\/vc_column_text][\/vc_column][\/vc_row][vc_row bg_color=&#8221;#000000&#8243; top_padding=&#8221;25&#8243; bottom_padding=&#8221;25&#8243;][vc_column width=&#8221;1\/2&#8243;][vc_column_text]<\/p>\n<p style=\"text-align: left;\"><span style=\"color: #ffffff;\">2019 \u00a9 Todos los Derechos Reservados<\/span><\/p>\n<p>[\/vc_column_text][\/vc_column][vc_column width=&#8221;1\/2&#8243;][vc_column_text]<\/p>\n<p style=\"text-align: right;\">Dise\u00f1o por <a href=\"http:\/\/ideaneta.com.ar\" target=\"_blank\" rel=\"noopener\">Idea Neta Estudio<\/a><\/p>\n<p>[\/vc_column_text][\/vc_column][\/vc_row]<\/p>\n","protected":false},"excerpt":{"rendered":"<p>[vc_row bg_color=&#8221;#b9131a&#8221; text_color=&#8221;light&#8221; top_padding=&#8221;70&#8243; bottom_padding=&#8221;50&#8243;][vc_column animation=&#8221;fade-in-from-left&#8221; width=&#8221;1\/1&#8243;][\/vc_column][\/vc_row][vc_row top_padding=&#8221;40&#8243; bottom_padding=&#8221;50&#8243;][vc_column width=&#8221;1\/6&#8243;][\/vc_column][vc_column animation=&#8221;fade-in-from-bottom&#8221; width=&#8221;2\/3&#8243;][vc_column_text]Supervisaci\u00f3n y seguimiento de los productos en los distintas puntos de venta. Contamos con un equipo de profesionales de amplia experiencia con diversas marcas desde hace m\u00e1s de 10 a\u00f1os. Servicio de relevamiento en puntos de venta acordados previamente con el cliente seg\u00fan su comercializaci\u00f3n y foco de ventas. An\u00e1lisis cuantitativo y cualitativo de la informaci\u00f3n. Mejora de la exhibici\u00f3n. Coordinaci\u00f3n de bundles. Entrega de reporte mensual.[\/vc_column_text][\/vc_column][vc_column width=&#8221;1\/6&#8243;][\/vc_column][\/vc_row][vc_row][vc_column width=&#8221;1\/1&#8243;][\/vc_column][\/vc_row][vc_row bg_color=&#8221;#3d454c&#8221; top_padding=&#8221;40&#8243; bottom_padding=&#8221;20&#8243;][vc_column animation=&#8221;fade-in-from-left&#8221; width=&#8221;1\/1&#8243; delay=&#8221;400&#8243;][vc_row_inner][vc_column_inner width=&#8221;1\/4&#8243;][\/vc_column_inner][vc_column_inner width=&#8221;1\/4&#8243;][\/vc_column_inner][vc_column_inner width=&#8221;1\/4&#8243;][\/vc_column_inner][vc_column_inner width=&#8221;1\/4&#8243;][\/vc_column_inner][\/vc_row_inner][vc_column_text] Doble Eme Comunicaci\u00f3n\u00a0 \u00a0I\u00a0 \u00a0+54 11 3974.5439\u00a0 \u00a0I\u00a0 \u00a0Cachimayo 821 5\u00b0 B (C1424ARC)\u00a0 \u00a0I\u00a0 \u00a0Ciudad de Buenos Aires .\u00a0 Argentina [\/vc_column_text][\/vc_column][\/vc_row][vc_row bg_color=&#8221;#000000&#8243; top_padding=&#8221;25&#8243; bottom_padding=&#8221;25&#8243;][vc_column width=&#8221;1\/2&#8243;][vc_column_text] 2019 \u00a9 Todos los Derechos Reservados [\/vc_column_text][\/vc_column][vc_column width=&#8221;1\/2&#8243;][vc_column_text] Dise\u00f1o por Idea Neta Estudio [\/vc_column_text][\/vc_column][\/vc_row]<\/p>\n","protected":false},"author":1,"featured_media":0,"parent":0,"menu_order":0,"comment_status":"closed","ping_status":"closed","template":"","meta":{"footnotes":""},"class_list":["post-141","page","type-page","status-publish","hentry"],"_links":{"self":[{"href":"https:\/\/doble-eme.com.ar\/wordpress\/wp-json\/wp\/v2\/pages\/141","targetHints":{"allow":["GET"]}}],"collection":[{"href":"https:\/\/doble-eme.com.ar\/wordpress\/wp-json\/wp\/v2\/pages"}],"about":[{"href":"https:\/\/doble-eme.com.ar\/wordpress\/wp-json\/wp\/v2\/types\/page"}],"author":[{"embeddable":true,"href":"https:\/\/doble-eme.com.ar\/wordpress\/wp-json\/wp\/v2\/users\/1"}],"replies":[{"embeddable":true,"href":"https:\/\/doble-eme.com.ar\/wordpress\/wp-json\/wp\/v2\/comments?post=141"}],"version-history":[{"count":6,"href":"https:\/\/doble-eme.com.ar\/wordpress\/wp-json\/wp\/v2\/pages\/141\/revisions"}],"predecessor-version":[{"id":187,"href":"https:\/\/doble-eme.com.ar\/wordpress\/wp-json\/wp\/v2\/pages\/141\/revisions\/187"}],"wp:attachment":[{"href":"https:\/\/doble-eme.com.ar\/wordpress\/wp-json\/wp\/v2\/media?parent=141"}],"curies":[{"name":"wp","href":"https:\/\/api.w.org\/{rel}","templated":true}]}}