{"id":149,"date":"2019-02-05T02:17:54","date_gmt":"2019-02-05T02:17:54","guid":{"rendered":"http:\/\/doble-eme.com.ar\/wordpress\/?page_id=149"},"modified":"2019-02-14T20:47:55","modified_gmt":"2019-02-14T20:47:55","slug":"diseno-grafico-y-publicidad","status":"publish","type":"page","link":"https:\/\/doble-eme.com.ar\/wordpress\/diseno-grafico-y-publicidad\/","title":{"rendered":"Dise\u00f1o Gr\u00e1fico y Publicidad"},"content":{"rendered":"<p>[vc_row bg_color=&#8221;#b9131a&#8221; text_color=&#8221;light&#8221; top_padding=&#8221;70&#8243; bottom_padding=&#8221;50&#8243;][vc_column animation=&#8221;fade-in-from-left&#8221; width=&#8221;1\/1&#8243;]<h1 class=\"headline font-special fontsize-xl fontweight-300 lh-14 align-left transform-inherit \" style=\"margin: 0 0 20px 0;\">Brindamos consultor\u00eda en estrategias comunicacionales integradas de prensa, relaciones p\u00fablicas, marketing y dise\u00f1o.<\/h1>[\/vc_column][\/vc_row][vc_row top_padding=&#8221;40&#8243; bottom_padding=&#8221;50&#8243;][vc_column width=&#8221;1\/6&#8243;]<div class=\"single_image wpb_content_element align-right  animate  \" data-animation=\"fade-in-from-left\" data-delay=\"0\"><img loading=\"lazy\" decoding=\"async\" class=\"\" src=\"https:\/\/doble-eme.com.ar\/wordpress\/wp-content\/uploads\/2019\/02\/05-Design-100x100.png\" width=\"100\" height=\"100\" alt=\"Doble eme comunicaci\u00f3n y prensa\" title=\"05 Design\" \/><\/div>[\/vc_column][vc_column animation=&#8221;fade-in-from-bottom&#8221; width=&#8221;2\/3&#8243;]<div class=\"spacer\" style=\"height: 40px;\"><\/div><h1 class=\"headline font-inherit fontsize-s fontweight-600 lh-inherit align-left transform-inherit \" style=\"margin: 0 0 20px 0; color: #b9131a;\">Dise\u00f1o Gr\u00e1fico y Publicidad<\/h1><div class=\"newdivider align-left\" style=\"border-bottom-style: solid; border-color: #dd8500; border-bottom-width: 3px; margin-top: -15px; margin-bottom: 20; width: 5%; \"><\/div><div class=\"clear\"><\/div>[vc_column_text]<span class=\"Estilo34\">El principal activo de una compa\u00f1ia es su reputaci\u00f3n corporativa surgida\u00a0de la calidad de sus productos y servicios, su conducta empresaria,\u00a0y la relaci\u00f3n con sus distintos p\u00fablicos. Todos estos elementos conforman una sola y \u00fanica identidad.<\/span><\/p>\n<p class=\"Estilo34\"><strong>Dise\u00f1o de imagen corporativa e institucional<br \/>\nDise\u00f1o y programaci\u00f3n de sitios web<br \/>\nNewsletters (impreso y\/o digital)<br \/>\nPublicaciones y presentaciones (impreso y\/o digital)<br \/>\nPress Kits, brochures y folleter\u00eda<br \/>\nPackaging<br \/>\n<span lang=\"ES\">Dise\u00f1o y armado de stands<\/span>\u00a0para participaci\u00f3n en ferias y\/\u00f3 congresos<br \/>\n<\/strong><strong>Material promocional<br \/>\nAfiches y carteler\u00eda<br \/>\n<\/strong><strong>Material POP<\/strong><br \/>\n<strong><u><\/u><u><\/u>Merchandising<\/strong><\/p>\n<p>[\/vc_column_text][\/vc_column][vc_column width=&#8221;1\/6&#8243;][\/vc_column][\/vc_row][vc_row][vc_column width=&#8221;1\/1&#8243;]<div class=\"spacer\" style=\"height: 40px;\"><\/div>[\/vc_column][\/vc_row][vc_row bg_color=&#8221;#3d454c&#8221; top_padding=&#8221;40&#8243; bottom_padding=&#8221;20&#8243;][vc_column animation=&#8221;fade-in-from-left&#8221; width=&#8221;1\/1&#8243; delay=&#8221;400&#8243;][vc_row_inner][vc_column_inner width=&#8221;1\/4&#8243;]<div class=\"single_image wpb_content_element align-left   \" data-animation=\"none\" data-delay=\"0\"><img loading=\"lazy\" decoding=\"async\" width=\"231\" height=\"47\" src=\"https:\/\/doble-eme.com.ar\/wordpress\/wp-content\/uploads\/2019\/02\/Logo-DobleEme-230x46px-Gris-01.png\" class=\"attachment-medium\" alt=\"Doble eme comunicaci\u00f3n y prensa\" \/><\/div>[\/vc_column_inner][vc_column_inner width=&#8221;1\/4&#8243;]<div class=\"single_image wpb_content_element align-left   \" data-animation=\"none\" data-delay=\"0\"><img loading=\"lazy\" decoding=\"async\" width=\"231\" height=\"47\" src=\"https:\/\/doble-eme.com.ar\/wordpress\/wp-content\/uploads\/2019\/02\/Logo-Consejo-230x46px-Gris02.png\" class=\"attachment-full\" alt=\"Doble eme comunicaci\u00f3n y prensa\" \/><\/div>[\/vc_column_inner][vc_column_inner width=&#8221;1\/4&#8243;][\/vc_column_inner][vc_column_inner width=&#8221;1\/4&#8243;][\/vc_column_inner][\/vc_row_inner]<div class=\"spacer\" style=\"height: 20px;\"><\/div>[vc_column_text]<\/p>\n<h6 style=\"text-align: left;\"><span style=\"color: #6b7b83;\">Doble Eme Comunicaci\u00f3n<\/span><span style=\"color: #6b7b83;\">\u00a0 \u00a0I\u00a0 \u00a0<\/span><span style=\"color: #6b7b83;\">+54 11 3974.5439\u00a0 \u00a0I\u00a0 \u00a0Cachimayo 821 5\u00b0 B (C1424ARC)\u00a0 \u00a0I\u00a0 \u00a0Ciudad de Buenos Aires .\u00a0 Argentina<\/span><\/h6>\n<p>[\/vc_column_text][\/vc_column][\/vc_row][vc_row bg_color=&#8221;#000000&#8243; top_padding=&#8221;25&#8243; bottom_padding=&#8221;25&#8243;][vc_column width=&#8221;1\/2&#8243;][vc_column_text]<\/p>\n<p style=\"text-align: left;\"><span style=\"color: #ffffff;\">2019 \u00a9 Todos los Derechos Reservados<\/span><\/p>\n<p>[\/vc_column_text][\/vc_column][vc_column width=&#8221;1\/2&#8243;][vc_column_text]<\/p>\n<p style=\"text-align: right;\">Dise\u00f1o por <a href=\"http:\/\/ideaneta.com.ar\" target=\"_blank\" rel=\"noopener\">Idea Neta Estudio<\/a><\/p>\n<p>[\/vc_column_text][\/vc_column][\/vc_row]<\/p>\n","protected":false},"excerpt":{"rendered":"<p>[vc_row bg_color=&#8221;#b9131a&#8221; text_color=&#8221;light&#8221; top_padding=&#8221;70&#8243; bottom_padding=&#8221;50&#8243;][vc_column animation=&#8221;fade-in-from-left&#8221; width=&#8221;1\/1&#8243;][\/vc_column][\/vc_row][vc_row top_padding=&#8221;40&#8243; bottom_padding=&#8221;50&#8243;][vc_column width=&#8221;1\/6&#8243;][\/vc_column][vc_column animation=&#8221;fade-in-from-bottom&#8221; width=&#8221;2\/3&#8243;][vc_column_text]El principal activo de una compa\u00f1ia es su reputaci\u00f3n corporativa surgida\u00a0de la calidad de sus productos y servicios, su conducta empresaria,\u00a0y la relaci\u00f3n con sus distintos p\u00fablicos. Todos estos elementos conforman una sola y \u00fanica identidad. Dise\u00f1o de imagen corporativa e institucional Dise\u00f1o y programaci\u00f3n de sitios web Newsletters (impreso y\/o digital) Publicaciones y presentaciones (impreso y\/o digital) Press Kits, brochures y folleter\u00eda Packaging Dise\u00f1o y armado de stands\u00a0para participaci\u00f3n en ferias y\/\u00f3 congresos Material promocional Afiches y carteler\u00eda Material POP Merchandising [\/vc_column_text][\/vc_column][vc_column width=&#8221;1\/6&#8243;][\/vc_column][\/vc_row][vc_row][vc_column width=&#8221;1\/1&#8243;][\/vc_column][\/vc_row][vc_row bg_color=&#8221;#3d454c&#8221; top_padding=&#8221;40&#8243; bottom_padding=&#8221;20&#8243;][vc_column animation=&#8221;fade-in-from-left&#8221; width=&#8221;1\/1&#8243; delay=&#8221;400&#8243;][vc_row_inner][vc_column_inner width=&#8221;1\/4&#8243;][\/vc_column_inner][vc_column_inner width=&#8221;1\/4&#8243;][\/vc_column_inner][vc_column_inner width=&#8221;1\/4&#8243;][\/vc_column_inner][vc_column_inner width=&#8221;1\/4&#8243;][\/vc_column_inner][\/vc_row_inner][vc_column_text] Doble Eme Comunicaci\u00f3n\u00a0 \u00a0I\u00a0 \u00a0+54 11 3974.5439\u00a0 \u00a0I\u00a0 \u00a0Cachimayo 821 5\u00b0 B (C1424ARC)\u00a0 \u00a0I\u00a0 \u00a0Ciudad de Buenos Aires .\u00a0 Argentina [\/vc_column_text][\/vc_column][\/vc_row][vc_row bg_color=&#8221;#000000&#8243; top_padding=&#8221;25&#8243; bottom_padding=&#8221;25&#8243;][vc_column width=&#8221;1\/2&#8243;][vc_column_text] 2019 \u00a9 Todos los Derechos Reservados [\/vc_column_text][\/vc_column][vc_column width=&#8221;1\/2&#8243;][vc_column_text] Dise\u00f1o por Idea Neta Estudio [\/vc_column_text][\/vc_column][\/vc_row]<\/p>\n","protected":false},"author":1,"featured_media":0,"parent":0,"menu_order":0,"comment_status":"closed","ping_status":"closed","template":"","meta":{"footnotes":""},"class_list":["post-149","page","type-page","status-publish","hentry"],"_links":{"self":[{"href":"https:\/\/doble-eme.com.ar\/wordpress\/wp-json\/wp\/v2\/pages\/149","targetHints":{"allow":["GET"]}}],"collection":[{"href":"https:\/\/doble-eme.com.ar\/wordpress\/wp-json\/wp\/v2\/pages"}],"about":[{"href":"https:\/\/doble-eme.com.ar\/wordpress\/wp-json\/wp\/v2\/types\/page"}],"author":[{"embeddable":true,"href":"https:\/\/doble-eme.com.ar\/wordpress\/wp-json\/wp\/v2\/users\/1"}],"replies":[{"embeddable":true,"href":"https:\/\/doble-eme.com.ar\/wordpress\/wp-json\/wp\/v2\/comments?post=149"}],"version-history":[{"count":4,"href":"https:\/\/doble-eme.com.ar\/wordpress\/wp-json\/wp\/v2\/pages\/149\/revisions"}],"predecessor-version":[{"id":254,"href":"https:\/\/doble-eme.com.ar\/wordpress\/wp-json\/wp\/v2\/pages\/149\/revisions\/254"}],"wp:attachment":[{"href":"https:\/\/doble-eme.com.ar\/wordpress\/wp-json\/wp\/v2\/media?parent=149"}],"curies":[{"name":"wp","href":"https:\/\/api.w.org\/{rel}","templated":true}]}}