{"id":57,"date":"2019-02-04T12:36:39","date_gmt":"2019-02-04T12:36:39","guid":{"rendered":"http:\/\/doble-eme.com.ar\/wordpress\/?page_id=57"},"modified":"2019-02-10T21:19:58","modified_gmt":"2019-02-10T21:19:58","slug":"prensa","status":"publish","type":"page","link":"https:\/\/doble-eme.com.ar\/wordpress\/prensa\/","title":{"rendered":"Prensa"},"content":{"rendered":"<p>[vc_row bg_color=&#8221;#b9131a&#8221; text_color=&#8221;light&#8221; top_padding=&#8221;70&#8243; bottom_padding=&#8221;50&#8243;][vc_column animation=&#8221;fade-in-from-left&#8221; width=&#8221;1\/1&#8243;]<h1 class=\"headline font-special fontsize-xl fontweight-300 lh-14 align-left transform-inherit \" style=\"margin: 0 0 20px 0;\">Brindamos consultoria en estrategias comunicacionales integradas de prensa.<\/h1>[\/vc_column][\/vc_row][vc_row top_padding=&#8221;40&#8243;][vc_column width=&#8221;1\/6&#8243;]<div class=\"single_image wpb_content_element align-right  animate  \" data-animation=\"fade-in-from-left\" data-delay=\"0\"><img loading=\"lazy\" decoding=\"async\" class=\"\" src=\"https:\/\/doble-eme.com.ar\/wordpress\/wp-content\/uploads\/2019\/02\/01-prensa-100x100.png\" width=\"100\" height=\"100\" alt=\"Doble eme comunicaci\u00f3n y prensa\" title=\"01 prensa\" \/><\/div>[\/vc_column][vc_column animation=&#8221;fade-in-from-bottom&#8221; width=&#8221;2\/3&#8243;]<div class=\"spacer\" style=\"height: 40px;\"><\/div><h1 class=\"headline font-inherit fontsize-s fontweight-600 lh-inherit align-left transform-inherit \" style=\"margin: 0 0 20px 0; color: #b9131a;\">Prensa<\/h1><div class=\"newdivider align-left\" style=\"border-bottom-style: solid; border-color: #dd8500; border-bottom-width: 3px; margin-top: -15px; margin-bottom: 20; width: 5%; \"><\/div><div class=\"clear\"><\/div>[vc_column_text]<strong>Comunicados de prensa difusi\u00f3n de informaci\u00f3n corporativa<\/strong><br \/>\nAnuncios, novedades, casos de \u00e9xito, etc. para generar demanda y posicionamiento de marca, resaltando calidad y performance de las soluciones y\/o productos brindados por el cliente.<\/p>\n<p><strong>Entrevistas one to one <\/strong><br \/>\nGesti\u00f3n para ejecutivos clave con medios, y esfuerzo focalizado en medios de particular inter\u00e9s.<\/p>\n<p><strong>Conferencias de prensa <\/strong><br \/>\nOrganizaci\u00f3n y coordinaci\u00f3n de encuentros con prensa especializada, respondiendo a las necesidades de cada cliente.<\/p>\n<p><strong>Media training<\/strong><br \/>\nEntrenamiento para la vinculaci\u00f3n con medios de comunicaci\u00f3n y la exposici\u00f3n ante diferentes p\u00fablicos.<\/p>\n<p><strong>Relaci\u00f3n con periodistas y l\u00edderes de opini\u00f3n <\/strong><br \/>\nGesti\u00f3n de encuentros peri\u00f3dicos con responsables editoriales y de contenidos de los medios afines a los intereses de la empresa.<\/p>\n<p><strong>Newsletters (impreso y\/o digital)<\/strong><br \/>\nDesarrollo y difusi\u00f3n de un medio propio de comunicaci\u00f3n corporativa<br \/>\ny\/o institucional dirigido al p\u00fablico de inter\u00e9s de la compa\u00f1\u00eda.[\/vc_column_text][\/vc_column][vc_column width=&#8221;1\/6&#8243;][\/vc_column][\/vc_row][vc_row bottom_padding=&#8221;50&#8243;][vc_column width=&#8221;1\/6&#8243;][\/vc_column][vc_column animation=&#8221;fade-in-from-bottom&#8221; width=&#8221;2\/3&#8243;]<div class=\"spacer\" style=\"height: 40px;\"><\/div><h1 class=\"headline font-inherit fontsize-s fontweight-600 lh-inherit align-left transform-inherit \" style=\"margin: 0 0 20px 0; color: #b9131a;\">An\u00e1lisis de la informaci\u00f3n<\/h1><div class=\"newdivider align-left\" style=\"border-bottom-style: solid; border-color: #dd8500; border-bottom-width: 3px; margin-top: -15px; margin-bottom: 20; width: 5%; \"><\/div><div class=\"clear\"><\/div>[vc_column_text]<strong>Historias de \u00e9xito. <\/strong><br \/>\nExplorar, aprovechar y\/o gestionar las posibilidades que permitan beneficiar al cliente a partir del trabajo conjunto con marcas<br \/>\nreconocidas y bien posicionadas. Contacto, presentaci\u00f3n y desarrollo del caso. Seguimiento de la publicaci\u00f3n con el medio especializado.<\/p>\n<p><strong>Win stories. <\/strong><br \/>\nDifusi\u00f3n de nuevos acuerdos comerciales y estrat\u00e9gicos logrados por la compa\u00f1\u00eda.<\/p>\n<p><strong>Clipping.<\/strong><br \/>\nRecopilaci\u00f3n peri\u00f3dica de notas publicadas sobre la empresa. An\u00e1lisis cuantitativo y cualitativo de la informaci\u00f3n obtenida.[\/vc_column_text][\/vc_column][vc_column width=&#8221;1\/6&#8243;][\/vc_column][\/vc_row][vc_row][vc_column width=&#8221;1\/1&#8243;]<div class=\"spacer\" style=\"height: 40px;\"><\/div>[\/vc_column][\/vc_row][vc_row bg_color=&#8221;#3d454c&#8221; top_padding=&#8221;40&#8243; bottom_padding=&#8221;20&#8243;][vc_column animation=&#8221;fade-in-from-left&#8221; width=&#8221;1\/1&#8243; delay=&#8221;400&#8243;][vc_row_inner][vc_column_inner width=&#8221;1\/4&#8243;]<div class=\"single_image wpb_content_element align-left   \" data-animation=\"none\" data-delay=\"0\"><img loading=\"lazy\" decoding=\"async\" width=\"231\" height=\"47\" src=\"https:\/\/doble-eme.com.ar\/wordpress\/wp-content\/uploads\/2019\/02\/Logo-DobleEme-230x46px-Gris-01.png\" class=\"attachment-medium\" alt=\"Doble eme comunicaci\u00f3n y prensa\" \/><\/div>[\/vc_column_inner][vc_column_inner width=&#8221;1\/4&#8243;]<div class=\"single_image wpb_content_element align-left   \" data-animation=\"none\" data-delay=\"0\"><img loading=\"lazy\" decoding=\"async\" width=\"231\" height=\"47\" src=\"https:\/\/doble-eme.com.ar\/wordpress\/wp-content\/uploads\/2019\/02\/Logo-Consejo-230x46px-Gris02.png\" class=\"attachment-full\" alt=\"Doble eme comunicaci\u00f3n y prensa\" \/><\/div>[\/vc_column_inner][vc_column_inner width=&#8221;1\/4&#8243;][\/vc_column_inner][vc_column_inner width=&#8221;1\/4&#8243;][\/vc_column_inner][\/vc_row_inner]<div class=\"spacer\" style=\"height: 20px;\"><\/div>[vc_column_text]<\/p>\n<h6 style=\"text-align: left;\"><span style=\"color: #6b7b83;\">Doble Eme Comunicaci\u00f3n<\/span><span style=\"color: #6b7b83;\">\u00a0 \u00a0I\u00a0 \u00a0<\/span><span style=\"color: #6b7b83;\">+54 11 3974.5439\u00a0 \u00a0I\u00a0 \u00a0Cachimayo 821 5\u00b0 B (C1424ARC)\u00a0 \u00a0I\u00a0 \u00a0Ciudad de Buenos Aires .\u00a0 Argentina<\/span><\/h6>\n<p>[\/vc_column_text][\/vc_column][\/vc_row][vc_row bg_color=&#8221;#000000&#8243; top_padding=&#8221;25&#8243; bottom_padding=&#8221;25&#8243;][vc_column width=&#8221;1\/2&#8243;][vc_column_text]<\/p>\n<p style=\"text-align: left;\"><span style=\"color: #ffffff;\">2019 \u00a9 Todos los Derechos Reservados<\/span><\/p>\n<p>[\/vc_column_text][\/vc_column][vc_column width=&#8221;1\/2&#8243;][vc_column_text]<\/p>\n<p style=\"text-align: right;\">Dise\u00f1o por <a href=\"http:\/\/ideaneta.com.ar\" target=\"_blank\" rel=\"noopener\">Idea Neta Estudio<\/a><\/p>\n<p>[\/vc_column_text][\/vc_column][\/vc_row]<\/p>\n","protected":false},"excerpt":{"rendered":"<p>[vc_row bg_color=&#8221;#b9131a&#8221; text_color=&#8221;light&#8221; top_padding=&#8221;70&#8243; bottom_padding=&#8221;50&#8243;][vc_column animation=&#8221;fade-in-from-left&#8221; width=&#8221;1\/1&#8243;][\/vc_column][\/vc_row][vc_row top_padding=&#8221;40&#8243;][vc_column width=&#8221;1\/6&#8243;][\/vc_column][vc_column animation=&#8221;fade-in-from-bottom&#8221; width=&#8221;2\/3&#8243;][vc_column_text]Comunicados de prensa difusi\u00f3n de informaci\u00f3n corporativa Anuncios, novedades, casos de \u00e9xito, etc. para generar demanda y posicionamiento de marca, resaltando calidad y performance de las soluciones y\/o productos brindados por el cliente. Entrevistas one to one Gesti\u00f3n para ejecutivos clave con medios, y esfuerzo focalizado en medios de particular inter\u00e9s. Conferencias de prensa Organizaci\u00f3n y coordinaci\u00f3n de encuentros con prensa especializada, respondiendo a las necesidades de cada cliente. Media training Entrenamiento para la vinculaci\u00f3n con medios de comunicaci\u00f3n y la exposici\u00f3n ante diferentes p\u00fablicos. Relaci\u00f3n con periodistas y l\u00edderes de opini\u00f3n Gesti\u00f3n de encuentros peri\u00f3dicos con responsables editoriales y de contenidos de los medios afines a los intereses de la empresa. Newsletters (impreso y\/o digital) Desarrollo y difusi\u00f3n de un medio propio de comunicaci\u00f3n corporativa y\/o institucional dirigido al p\u00fablico de inter\u00e9s de la compa\u00f1\u00eda.[\/vc_column_text][\/vc_column][vc_column width=&#8221;1\/6&#8243;][\/vc_column][\/vc_row][vc_row bottom_padding=&#8221;50&#8243;][vc_column width=&#8221;1\/6&#8243;][\/vc_column][vc_column animation=&#8221;fade-in-from-bottom&#8221; width=&#8221;2\/3&#8243;][vc_column_text]Historias de \u00e9xito. Explorar, aprovechar y\/o gestionar las posibilidades que permitan beneficiar al cliente a partir del trabajo conjunto con marcas reconocidas y bien posicionadas. Contacto, presentaci\u00f3n y desarrollo del caso. Seguimiento de la publicaci\u00f3n con el medio especializado. Win stories. Difusi\u00f3n de nuevos acuerdos comerciales y estrat\u00e9gicos logrados por [&hellip;]<\/p>\n","protected":false},"author":1,"featured_media":0,"parent":0,"menu_order":0,"comment_status":"closed","ping_status":"closed","template":"","meta":{"footnotes":""},"class_list":["post-57","page","type-page","status-publish","hentry"],"_links":{"self":[{"href":"https:\/\/doble-eme.com.ar\/wordpress\/wp-json\/wp\/v2\/pages\/57","targetHints":{"allow":["GET"]}}],"collection":[{"href":"https:\/\/doble-eme.com.ar\/wordpress\/wp-json\/wp\/v2\/pages"}],"about":[{"href":"https:\/\/doble-eme.com.ar\/wordpress\/wp-json\/wp\/v2\/types\/page"}],"author":[{"embeddable":true,"href":"https:\/\/doble-eme.com.ar\/wordpress\/wp-json\/wp\/v2\/users\/1"}],"replies":[{"embeddable":true,"href":"https:\/\/doble-eme.com.ar\/wordpress\/wp-json\/wp\/v2\/comments?post=57"}],"version-history":[{"count":27,"href":"https:\/\/doble-eme.com.ar\/wordpress\/wp-json\/wp\/v2\/pages\/57\/revisions"}],"predecessor-version":[{"id":185,"href":"https:\/\/doble-eme.com.ar\/wordpress\/wp-json\/wp\/v2\/pages\/57\/revisions\/185"}],"wp:attachment":[{"href":"https:\/\/doble-eme.com.ar\/wordpress\/wp-json\/wp\/v2\/media?parent=57"}],"curies":[{"name":"wp","href":"https:\/\/api.w.org\/{rel}","templated":true}]}}